{"id":7612,"date":"2025-09-01T01:44:52","date_gmt":"2025-09-01T01:44:52","guid":{"rendered":"https:\/\/maraey.com\/sobre-nosotros\/"},"modified":"2025-10-13T23:04:35","modified_gmt":"2025-10-13T23:04:35","slug":"sobre-nosotros","status":"publish","type":"page","link":"https:\/\/maraey.com\/es\/sobre-nosotros\/","title":{"rendered":"Sobre nosotros"},"content":{"rendered":"\t\t<div data-elementor-type=\"wp-page\" data-elementor-id=\"7612\" class=\"elementor elementor-7612 elementor-3718\" data-elementor-post-type=\"page\">\n\t\t\t\t<div class=\"elementor-element elementor-element-fb55f1b e-flex e-con-boxed e-con e-parent\" data-id=\"fb55f1b\" data-element_type=\"container\" data-settings=\"{&quot;background_background&quot;:&quot;classic&quot;,&quot;animation&quot;:&quot;none&quot;}\">\n\t\t\t\t\t<div class=\"e-con-inner\">\n\t\t\t\t<div class=\"elementor-element elementor-element-94d8db2 elementor-widget__width-initial scroll-title elementor-widget elementor-widget-heading\" data-id=\"94d8db2\" data-element_type=\"widget\" data-widget_type=\"heading.default\">\n\t\t\t\t\t<h1 class=\"elementor-heading-title elementor-size-default\"><span class=\"reveal-word\">Sobre nosotros<\/span><\/h1>\t\t\t\t<\/div>\n\t\t\t\t\t<\/div>\n\t\t\t\t<\/div>\n\t\t<div class=\"elementor-element elementor-element-cc2ae3a e-flex e-con-boxed e-con e-parent\" data-id=\"cc2ae3a\" data-element_type=\"container\" data-settings=\"{&quot;background_background&quot;:&quot;classic&quot;}\">\n\t\t\t\t\t<div class=\"e-con-inner\">\n\t\t<div class=\"elementor-element elementor-element-ac2d02b e-con-full e-flex e-con e-child\" data-id=\"ac2d02b\" data-element_type=\"container\" data-settings=\"{&quot;background_background&quot;:&quot;classic&quot;}\">\n\t\t\t\t<div class=\"elementor-element elementor-element-a2e979a fade-word elementor-widget elementor-widget-text-editor\" data-id=\"a2e979a\" data-element_type=\"widget\" data-widget_type=\"text-editor.default\">\n\t\t\t\t\t\t\t\t\tMARAEY es m\u00e1s que un destino tur\u00edstico \u2014 es una verdadera transformaci\u00f3n para Brasil. El proyecto est\u00e1 creando un nuevo polo internacional de turismo sostenible, educaci\u00f3n y una propuesta residencial innovadora, y ya es una referencia en pr\u00e1cticas ambientales innovadoras que garantizan un futuro m\u00e1s verde y equilibrado para la regi\u00f3n de Maric\u00e1, en R\u00edo de Janeiro.  \t\t\t\t\t\t\t\t<\/div>\n\t\t\t\t<\/div>\n\t\t\t\t<div class=\"elementor-element elementor-element-f4f9178 elementor-widget elementor-widget-video\" data-id=\"f4f9178\" data-element_type=\"widget\" data-settings=\"{&quot;youtube_url&quot;:&quot;https:\\\/\\\/youtu.be\\\/9iggd8khsno&quot;,&quot;autoplay&quot;:&quot;yes&quot;,&quot;lazy_load&quot;:&quot;yes&quot;,&quot;mute&quot;:&quot;yes&quot;,&quot;video_type&quot;:&quot;youtube&quot;,&quot;controls&quot;:&quot;yes&quot;}\" data-widget_type=\"video.default\">\n\t\t\t\t\t\t\t<div class=\"elementor-wrapper elementor-open-inline\">\n\t\t\t<div class=\"elementor-video\"><\/div>\t\t<\/div>\n\t\t\t\t\t\t<\/div>\n\t\t<div class=\"elementor-element elementor-element-588d6e2 e-con-full e-flex e-con e-child\" data-id=\"588d6e2\" data-element_type=\"container\" data-settings=\"{&quot;background_background&quot;:&quot;classic&quot;}\">\n\t\t\t\t<div class=\"elementor-element elementor-element-1653d5c fade-word elementor-widget elementor-widget-text-editor\" data-id=\"1653d5c\" data-element_type=\"widget\" data-widget_type=\"text-editor.default\">\n\t\t\t\t\t\t\t\t\tLiderado por un equipo global de empresarios brasile\u00f1os, espa\u00f1oles, chinos y estadounidenses, MARAEY impulsa a Brasil en el mapa mundial del turismo y transforma el potencial en realidad, resolviendo los desaf\u00edos del sector al promover la conectividad internacional, invertir en infraestructura de vanguardia, crear un destino de alto lujo con la mayor cadena hotelera del mundo y garantizar la formaci\u00f3n de una nueva generaci\u00f3n de profesionales cualificados en hosteler\u00eda. \t\t\t\t\t\t\t\t<\/div>\n\t\t\t\t<\/div>\n\t\t\t\t\t<\/div>\n\t\t\t\t<\/div>\n\t\t<div class=\"elementor-element elementor-element-efdbb30 e-flex e-con-boxed e-con e-parent\" data-id=\"efdbb30\" data-element_type=\"container\" data-settings=\"{&quot;background_background&quot;:&quot;classic&quot;}\">\n\t\t\t\t\t<div class=\"e-con-inner\">\n\t\t<div class=\"elementor-element elementor-element-a55864b e-con-full e-flex e-con e-child\" data-id=\"a55864b\" data-element_type=\"container\">\n\t\t\t\t<div class=\"elementor-element elementor-element-e8efbf2 scroll-title elementor-widget elementor-widget-heading\" data-id=\"e8efbf2\" data-element_type=\"widget\" data-widget_type=\"heading.default\">\n\t\t\t\t\t<h5 class=\"elementor-heading-title elementor-size-default\">MARAEY no solo est\u00e1 construyendo el futuro del turismo en Brasil, sino que tambi\u00e9n est\u00e1 liderando el camino hacia un sector m\u00e1s responsable, donde la sostenibilidad y la excelencia se unen. <\/h5>\t\t\t\t<\/div>\n\t\t\t\t<\/div>\n\t\t\t\t<div class=\"elementor-element elementor-element-58c9cbd elementor-absolute elementor-widget elementor-widget-html\" data-id=\"58c9cbd\" data-element_type=\"widget\" data-settings=\"{&quot;_position&quot;:&quot;absolute&quot;}\" data-widget_type=\"html.default\">\n\t\t\t\t\t<div id=\"fio-animado-container3\" style=\"width: 100vw; height: 100vh;\">\n  <svg xmlns=\"http:\/\/www.w3.org\/2000\/svg\" id=\"fio-animado3\" viewbox=\"0 0 1440 700\" width=\"100vw\" height=\"100vh\" fill=\"none\">\n<path d=\"M0,100           C 300,100 400,300 700,350           C 1000,400 1300,300 1440,280\" stroke=\"#C8A678\" stroke-width=\"1\" fill=\"none\" stroke-linecap=\"round\" stroke-linejoin=\"round\" stroke-dasharray=\"2500\" stroke-dashoffset=\"2500\">\n  <animate id=\"animar-fio3\" attributename=\"stroke-dashoffset\" from=\"2500\" to=\"0\" dur=\"2s\" fill=\"freeze\" begin=\"indefinite\"><\/animate>\n<\/path>\n\n\n  <\/path><\/svg>\n<\/div>\n\n<script>\n  document.addEventListener(\"DOMContentLoaded\", function () {\n    const target = document.querySelector(\"#fio-animado3\");\n\n    const observer = new IntersectionObserver((entries) =&gt; {\n      entries.forEach(entry =&gt; {\n        if (entry.isIntersecting) {\n          const path = target.querySelector(\"path\");\n          const clone = path.cloneNode(true);\n          path.replaceWith(clone);\n\n          const anim = clone.querySelector(\"animate\");\n          if (anim) anim.beginElement();\n        }\n      });\n    }, {\n      threshold: 0.5\n    });\n\n    if (target) {\n      observer.observe(target);\n    }\n  });\n<\/script>\n\n\t\t\t\t<\/div>\n\t\t\t\t\t<\/div>\n\t\t\t\t<\/div>\n\t\t<div class=\"elementor-element elementor-element-528e0cc e-flex e-con-boxed e-con e-parent\" data-id=\"528e0cc\" data-element_type=\"container\" data-settings=\"{&quot;background_background&quot;:&quot;classic&quot;}\">\n\t\t\t\t\t<div class=\"e-con-inner\">\n\t\t<div class=\"elementor-element elementor-element-c50fb05 e-con-full e-flex e-con e-child\" data-id=\"c50fb05\" data-element_type=\"container\">\n\t\t\t\t<div class=\"elementor-element elementor-element-3700747 scroll-title elementor-widget elementor-widget-heading\" data-id=\"3700747\" data-element_type=\"widget\" data-widget_type=\"heading.default\">\n\t\t\t\t\t<h2 class=\"elementor-heading-title elementor-size-default\"><span class=\"reveal-word\">El Para\u00edso en la Tierra<\/span><\/h2>\t\t\t\t<\/div>\n\t\t\t\t<div class=\"elementor-element elementor-element-ca76ecb fade-word elementor-widget__width-inherit elementor-widget elementor-widget-text-editor\" data-id=\"ca76ecb\" data-element_type=\"widget\" data-widget_type=\"text-editor.default\">\n\t\t\t\t\t\t\t\t\t<p>En la Costa del Sol, en Maric\u00e1, a solo 40 minutos de la ciudad de R\u00edo de Janeiro, el proyecto se encuentra en una zona costera preservada de 844 hect\u00e1reas, con 8,5 kil\u00f3metros de playa intacta.<\/p>\t\t\t\t\t\t\t\t<\/div>\n\t\t\t\t<\/div>\n\t\t\t\t<div class=\"elementor-element elementor-element-dc26477 elementor-widget__width-initial elementor-absolute elementor-widget elementor-widget-image\" data-id=\"dc26477\" data-element_type=\"widget\" data-settings=\"{&quot;_position&quot;:&quot;absolute&quot;}\" data-widget_type=\"image.default\">\n\t\t\t\t\t\t\t\t\t\t\t\t\t\t\t<img fetchpriority=\"high\" decoding=\"async\" width=\"637\" height=\"685\" src=\"https:\/\/maraey.com\/wp-content\/uploads\/2025\/09\/about-paraiso.svg\" class=\"attachment-large size-large wp-image-7608\" alt=\"\" \/>\t\t\t\t\t\t\t\t\t\t\t\t\t\t\t<\/div>\n\t\t\t\t\t<\/div>\n\t\t\t\t<\/div>\n\t\t<div class=\"elementor-element elementor-element-b7c5451 e-flex e-con-boxed e-con e-parent\" data-id=\"b7c5451\" data-element_type=\"container\" data-settings=\"{&quot;background_background&quot;:&quot;classic&quot;}\">\n\t\t\t\t\t<div class=\"e-con-inner\">\n\t\t\t\t<div class=\"elementor-element elementor-element-e8256d7 scroll-title elementor-widget elementor-widget-heading\" data-id=\"e8256d7\" data-element_type=\"widget\" data-widget_type=\"heading.default\">\n\t\t\t\t\t<h5 class=\"elementor-heading-title elementor-size-default\"><span class=\"reveal-word\">Aqu\u00ed, la naturaleza es la gran protagonista<\/span><\/h5>\t\t\t\t<\/div>\n\t\t\t\t<div class=\"elementor-element elementor-element-2cb748b fade-word elementor-widget elementor-widget-heading\" data-id=\"2cb748b\" data-element_type=\"widget\" data-widget_type=\"heading.default\">\n\t\t\t\t\t<h5 class=\"elementor-heading-title elementor-size-default\">Hay m\u00e1s de 800 especies animales, que incluyen 67 tipos de mam\u00edferos, 223 de aves, 61 de reptiles y anfibios y 84 de especies acu\u00e1ticas, todas ellas viviendo en seis tipos de restingas, que cuentan con 522 especies vegetales diferentes. <\/h5>\t\t\t\t<\/div>\n\t\t<div class=\"elementor-element elementor-element-216357b e-con-full e-flex e-con e-child\" data-id=\"216357b\" data-element_type=\"container\">\n\t\t<div class=\"elementor-element elementor-element-1cedde9 e-con-full e-flex e-con e-child\" data-id=\"1cedde9\" data-element_type=\"container\">\n\t\t<div class=\"elementor-element elementor-element-59467fe e-con-full e-flex e-con e-child\" data-id=\"59467fe\" data-element_type=\"container\" data-settings=\"{&quot;background_background&quot;:&quot;classic&quot;}\">\n\t\t\t\t<\/div>\n\t\t<div class=\"elementor-element elementor-element-d912d43 e-con-full e-flex e-con e-child\" data-id=\"d912d43\" data-element_type=\"container\" data-settings=\"{&quot;background_background&quot;:&quot;classic&quot;}\">\n\t\t\t\t<div class=\"elementor-element elementor-element-583a3c1 contador elementor-widget elementor-widget-counter\" data-id=\"583a3c1\" data-element_type=\"widget\" data-widget_type=\"counter.default\">\n\t\t\t\t\t\t\t<div class=\"elementor-counter\">\n\t\t\t<div class=\"elementor-counter-title\">ocupaci\u00f3n inmobiliaria<\/div>\t\t\t<div class=\"elementor-counter-number-wrapper\">\n\t\t\t\t<span class=\"elementor-counter-number-prefix\"><\/span>\n\t\t\t\t<span class=\"elementor-counter-number\" data-duration=\"2000\" data-to-value=\"6.6\" data-from-value=\"6.6\" data-delimiter=\" \">6.6<\/span>\n\t\t\t\t<span class=\"elementor-counter-number-suffix\">%<\/span>\n\t\t\t<\/div>\n\t\t<\/div>\n\t\t\t\t\t\t<\/div>\n\t\t\t\t<\/div>\n\t\t\t\t<\/div>\n\t\t<div class=\"elementor-element elementor-element-1fa6dd9 e-con-full e-flex e-con e-child\" data-id=\"1fa6dd9\" data-element_type=\"container\">\n\t\t<div class=\"elementor-element elementor-element-2fe559e e-con-full e-flex e-con e-child\" data-id=\"2fe559e\" data-element_type=\"container\" data-settings=\"{&quot;background_background&quot;:&quot;classic&quot;}\">\n\t\t\t\t<div class=\"elementor-element elementor-element-b520aab contador elementor-widget elementor-widget-counter\" data-id=\"b520aab\" data-element_type=\"widget\" data-widget_type=\"counter.default\">\n\t\t\t\t\t\t\t<div class=\"elementor-counter\">\n\t\t\t<div class=\"elementor-counter-title\">de \u00e1rea verde recuperada<\/div>\t\t\t<div class=\"elementor-counter-number-wrapper\">\n\t\t\t\t<span class=\"elementor-counter-number-prefix\"><\/span>\n\t\t\t\t<span class=\"elementor-counter-number\" data-duration=\"2000\" data-to-value=\"32\" data-from-value=\"32\" data-delimiter=\",\">32<\/span>\n\t\t\t\t<span class=\"elementor-counter-number-suffix\">%<\/span>\n\t\t\t<\/div>\n\t\t<\/div>\n\t\t\t\t\t\t<\/div>\n\t\t\t\t<\/div>\n\t\t<div class=\"elementor-element elementor-element-c3bdf36 e-con-full e-flex e-con e-child\" data-id=\"c3bdf36\" data-element_type=\"container\" data-settings=\"{&quot;background_background&quot;:&quot;classic&quot;}\">\n\t\t\t\t<\/div>\n\t\t\t\t<\/div>\n\t\t<div class=\"elementor-element elementor-element-f7199c0 e-con-full e-flex e-con e-child\" data-id=\"f7199c0\" data-element_type=\"container\">\n\t\t<div class=\"elementor-element elementor-element-b38d7a4 e-con-full e-flex e-con e-child\" data-id=\"b38d7a4\" data-element_type=\"container\" data-settings=\"{&quot;background_background&quot;:&quot;classic&quot;}\">\n\t\t\t\t<\/div>\n\t\t<div class=\"elementor-element elementor-element-0bf3829 e-con-full e-flex e-con e-child\" data-id=\"0bf3829\" data-element_type=\"container\" data-settings=\"{&quot;background_background&quot;:&quot;classic&quot;}\">\n\t\t\t\t<div class=\"elementor-element elementor-element-2af1a12 contador elementor-widget elementor-widget-counter\" data-id=\"2af1a12\" data-element_type=\"widget\" data-widget_type=\"counter.default\">\n\t\t\t\t\t\t\t<div class=\"elementor-counter\">\n\t\t\t<div class=\"elementor-counter-title\">\u00e1rea preservada<\/div>\t\t\t<div class=\"elementor-counter-number-wrapper\">\n\t\t\t\t<span class=\"elementor-counter-number-prefix\"><\/span>\n\t\t\t\t<span class=\"elementor-counter-number\" data-duration=\"4000\" data-to-value=\"81\" data-from-value=\"50\" data-delimiter=\",\">50<\/span>\n\t\t\t\t<span class=\"elementor-counter-number-suffix\">%<\/span>\n\t\t\t<\/div>\n\t\t<\/div>\n\t\t\t\t\t\t<\/div>\n\t\t\t\t<\/div>\n\t\t\t\t<\/div>\n\t\t\t\t<\/div>\n\t\t\t\t<div class=\"elementor-element elementor-element-3a57cc6 elementor-absolute elementor-widget elementor-widget-html\" data-id=\"3a57cc6\" data-element_type=\"widget\" data-settings=\"{&quot;_position&quot;:&quot;absolute&quot;}\" data-widget_type=\"html.default\">\n\t\t\t\t\t<div id=\"fio-animado-container5\" style=\"width: 100vw; height: 100vh;\">\n  <svg xmlns=\"http:\/\/www.w3.org\/2000\/svg\" id=\"fio-animado5\" viewbox=\"0 0 1440 700\" width=\"100vw\" height=\"100vh\" fill=\"none\">\n<path d=\"M0,100           C 300,100 400,300 700,350           C 1000,400 1300,300 1440,280\" stroke=\"#FFFFFF\" stroke-width=\"1\" fill=\"none\" stroke-linecap=\"round\" stroke-linejoin=\"round\" stroke-dasharray=\"2500\" stroke-dashoffset=\"2500\">\n  <animate id=\"animar-fio5\" attributename=\"stroke-dashoffset\" from=\"2500\" to=\"0\" dur=\"2s\" fill=\"freeze\" begin=\"indefinite\"><\/animate>\n<\/path>\n\n\n  <\/path><\/svg>\n<\/div>\n\n<script>\n  document.addEventListener(\"DOMContentLoaded\", function () {\n    const target = document.querySelector(\"#fio-animado5\");\n\n    const observer = new IntersectionObserver((entries) =&gt; {\n      entries.forEach(entry =&gt; {\n        if (entry.isIntersecting) {\n          const path = target.querySelector(\"path\");\n          const clone = path.cloneNode(true);\n          path.replaceWith(clone);\n\n          const anim = clone.querySelector(\"animate\");\n          if (anim) anim.beginElement();\n        }\n      });\n    }, {\n      threshold: 0.5\n    });\n\n    if (target) {\n      observer.observe(target);\n    }\n  });\n<\/script>\n\n\t\t\t\t<\/div>\n\t\t\t\t\t<\/div>\n\t\t\t\t<\/div>\n\t\t\t\t<\/div>\n\t\t","protected":false},"excerpt":{"rendered":"<p>Sobre nosotros MARAEY es m\u00e1s que un destino tur\u00edstico \u2014 es una verdadera transformaci\u00f3n para Brasil. El proyecto est\u00e1 creando un nuevo polo internacional de turismo sostenible, educaci\u00f3n y una propuesta residencial innovadora, y ya es una referencia en pr\u00e1cticas ambientales innovadoras que garantizan un futuro m\u00e1s verde y equilibrado para la regi\u00f3n de Maric\u00e1, [&hellip;]<\/p>\n","protected":false},"author":2,"featured_media":7609,"parent":0,"menu_order":0,"comment_status":"closed","ping_status":"closed","template":"","meta":{"_acf_changed":false,"footnotes":""},"class_list":["post-7612","page","type-page","status-publish","has-post-thumbnail","hentry"],"acf":[],"yoast_head":"<!-- This site is optimized with the Yoast SEO plugin v26.6 - https:\/\/yoast.com\/wordpress\/plugins\/seo\/ -->\n<title>Acerca de MARAEY - Transformando el turismo sostenible en Brasil | MARAEY<\/title>\n<meta name=\"description\" content=\"MARAEY: un proyecto internacional que transforma el turismo en Brasil. 844 hect\u00e1reas preservadas, premios internacionales y un equipo global en Maric\u00e1, RJ, a 40 minutos de R\u00edo de Janeiro.\" \/>\n<meta name=\"robots\" content=\"index, follow, max-snippet:-1, max-image-preview:large, max-video-preview:-1\" \/>\n<link rel=\"canonical\" href=\"https:\/\/maraey.com\/es\/sobre-nosotros\/\" \/>\n<meta property=\"og:locale\" content=\"es_ES\" \/>\n<meta property=\"og:type\" content=\"article\" \/>\n<meta property=\"og:title\" content=\"Acerca de MARAEY - Transformando el turismo sostenible en Brasil | MARAEY\" \/>\n<meta property=\"og:description\" content=\"MARAEY: un proyecto internacional que transforma el turismo en Brasil. 844 hect\u00e1reas preservadas, premios internacionales y un equipo global en Maric\u00e1, RJ, a 40 minutos de R\u00edo de Janeiro.\" \/>\n<meta property=\"og:url\" content=\"https:\/\/maraey.com\/es\/sobre-nosotros\/\" \/>\n<meta property=\"og:site_name\" content=\"MARAEY\" \/>\n<meta property=\"article:modified_time\" content=\"2025-10-13T23:04:35+00:00\" \/>\n<meta property=\"og:image\" content=\"https:\/\/maraey.com\/wp-content\/uploads\/2025\/09\/about-hero-min-scaled.webp\" \/>\n\t<meta property=\"og:image:width\" content=\"1695\" \/>\n\t<meta property=\"og:image:height\" content=\"2560\" \/>\n\t<meta property=\"og:image:type\" content=\"image\/webp\" \/>\n<meta name=\"twitter:card\" content=\"summary_large_image\" \/>\n<meta name=\"twitter:label1\" content=\"Tiempo de lectura\" \/>\n\t<meta name=\"twitter:data1\" content=\"1 minuto\" \/>\n<script type=\"application\/ld+json\" class=\"yoast-schema-graph\">{\"@context\":\"https:\/\/schema.org\",\"@graph\":[{\"@type\":\"WebPage\",\"@id\":\"https:\/\/maraey.com\/es\/sobre-nosotros\/\",\"url\":\"https:\/\/maraey.com\/es\/sobre-nosotros\/\",\"name\":\"Acerca de MARAEY - Transformando el turismo sostenible en Brasil | MARAEY\",\"isPartOf\":{\"@id\":\"https:\/\/maraey.com\/es\/#website\"},\"primaryImageOfPage\":{\"@id\":\"https:\/\/maraey.com\/es\/sobre-nosotros\/#primaryimage\"},\"image\":{\"@id\":\"https:\/\/maraey.com\/es\/sobre-nosotros\/#primaryimage\"},\"thumbnailUrl\":\"https:\/\/maraey.com\/wp-content\/uploads\/2025\/09\/about-hero-min-scaled.webp\",\"datePublished\":\"2025-09-01T01:44:52+00:00\",\"dateModified\":\"2025-10-13T23:04:35+00:00\",\"description\":\"MARAEY: un proyecto internacional que transforma el turismo en Brasil. 844 hect\u00e1reas preservadas, premios internacionales y un equipo global en Maric\u00e1, RJ, a 40 minutos de R\u00edo de Janeiro.\",\"breadcrumb\":{\"@id\":\"https:\/\/maraey.com\/es\/sobre-nosotros\/#breadcrumb\"},\"inLanguage\":\"es\",\"potentialAction\":[{\"@type\":\"ReadAction\",\"target\":[\"https:\/\/maraey.com\/es\/sobre-nosotros\/\"]}]},{\"@type\":\"ImageObject\",\"inLanguage\":\"es\",\"@id\":\"https:\/\/maraey.com\/es\/sobre-nosotros\/#primaryimage\",\"url\":\"https:\/\/maraey.com\/wp-content\/uploads\/2025\/09\/about-hero-min-scaled.webp\",\"contentUrl\":\"https:\/\/maraey.com\/wp-content\/uploads\/2025\/09\/about-hero-min-scaled.webp\",\"width\":1695,\"height\":2560},{\"@type\":\"BreadcrumbList\",\"@id\":\"https:\/\/maraey.com\/es\/sobre-nosotros\/#breadcrumb\",\"itemListElement\":[{\"@type\":\"ListItem\",\"position\":1,\"name\":\"In\u00edcio\",\"item\":\"https:\/\/maraey.com\/es\/\"},{\"@type\":\"ListItem\",\"position\":2,\"name\":\"Sobre nosotros\"}]},{\"@type\":\"WebSite\",\"@id\":\"https:\/\/maraey.com\/es\/#website\",\"url\":\"https:\/\/maraey.com\/es\/\",\"name\":\"MARAEY\",\"description\":\"\",\"publisher\":{\"@id\":\"https:\/\/maraey.com\/es\/#organization\"},\"potentialAction\":[{\"@type\":\"SearchAction\",\"target\":{\"@type\":\"EntryPoint\",\"urlTemplate\":\"https:\/\/maraey.com\/es\/?s={search_term_string}\"},\"query-input\":{\"@type\":\"PropertyValueSpecification\",\"valueRequired\":true,\"valueName\":\"search_term_string\"}}],\"inLanguage\":\"es\"},{\"@type\":\"Organization\",\"@id\":\"https:\/\/maraey.com\/es\/#organization\",\"name\":\"MARAEY\",\"url\":\"https:\/\/maraey.com\/es\/\",\"logo\":{\"@type\":\"ImageObject\",\"inLanguage\":\"es\",\"@id\":\"https:\/\/maraey.com\/es\/#\/schema\/logo\/image\/\",\"url\":\"https:\/\/maraey.com\/wp-content\/uploads\/2025\/08\/Maraey-logo.svg\",\"contentUrl\":\"https:\/\/maraey.com\/wp-content\/uploads\/2025\/08\/Maraey-logo.svg\",\"width\":145,\"height\":145,\"caption\":\"MARAEY\"},\"image\":{\"@id\":\"https:\/\/maraey.com\/es\/#\/schema\/logo\/image\/\"}}]}<\/script>\n<!-- \/ Yoast SEO plugin. -->","yoast_head_json":{"title":"Acerca de MARAEY - Transformando el turismo sostenible en Brasil | MARAEY","description":"MARAEY: un proyecto internacional que transforma el turismo en Brasil. 844 hect\u00e1reas preservadas, premios internacionales y un equipo global en Maric\u00e1, RJ, a 40 minutos de R\u00edo de Janeiro.","robots":{"index":"index","follow":"follow","max-snippet":"max-snippet:-1","max-image-preview":"max-image-preview:large","max-video-preview":"max-video-preview:-1"},"canonical":"https:\/\/maraey.com\/es\/sobre-nosotros\/","og_locale":"es_ES","og_type":"article","og_title":"Acerca de MARAEY - Transformando el turismo sostenible en Brasil | MARAEY","og_description":"MARAEY: un proyecto internacional que transforma el turismo en Brasil. 844 hect\u00e1reas preservadas, premios internacionales y un equipo global en Maric\u00e1, RJ, a 40 minutos de R\u00edo de Janeiro.","og_url":"https:\/\/maraey.com\/es\/sobre-nosotros\/","og_site_name":"MARAEY","article_modified_time":"2025-10-13T23:04:35+00:00","og_image":[{"width":1695,"height":2560,"url":"https:\/\/maraey.com\/wp-content\/uploads\/2025\/09\/about-hero-min-scaled.webp","type":"image\/webp"}],"twitter_card":"summary_large_image","twitter_misc":{"Tiempo de lectura":"1 minuto"},"schema":{"@context":"https:\/\/schema.org","@graph":[{"@type":"WebPage","@id":"https:\/\/maraey.com\/es\/sobre-nosotros\/","url":"https:\/\/maraey.com\/es\/sobre-nosotros\/","name":"Acerca de MARAEY - Transformando el turismo sostenible en Brasil | MARAEY","isPartOf":{"@id":"https:\/\/maraey.com\/es\/#website"},"primaryImageOfPage":{"@id":"https:\/\/maraey.com\/es\/sobre-nosotros\/#primaryimage"},"image":{"@id":"https:\/\/maraey.com\/es\/sobre-nosotros\/#primaryimage"},"thumbnailUrl":"https:\/\/maraey.com\/wp-content\/uploads\/2025\/09\/about-hero-min-scaled.webp","datePublished":"2025-09-01T01:44:52+00:00","dateModified":"2025-10-13T23:04:35+00:00","description":"MARAEY: un proyecto internacional que transforma el turismo en Brasil. 844 hect\u00e1reas preservadas, premios internacionales y un equipo global en Maric\u00e1, RJ, a 40 minutos de R\u00edo de Janeiro.","breadcrumb":{"@id":"https:\/\/maraey.com\/es\/sobre-nosotros\/#breadcrumb"},"inLanguage":"es","potentialAction":[{"@type":"ReadAction","target":["https:\/\/maraey.com\/es\/sobre-nosotros\/"]}]},{"@type":"ImageObject","inLanguage":"es","@id":"https:\/\/maraey.com\/es\/sobre-nosotros\/#primaryimage","url":"https:\/\/maraey.com\/wp-content\/uploads\/2025\/09\/about-hero-min-scaled.webp","contentUrl":"https:\/\/maraey.com\/wp-content\/uploads\/2025\/09\/about-hero-min-scaled.webp","width":1695,"height":2560},{"@type":"BreadcrumbList","@id":"https:\/\/maraey.com\/es\/sobre-nosotros\/#breadcrumb","itemListElement":[{"@type":"ListItem","position":1,"name":"In\u00edcio","item":"https:\/\/maraey.com\/es\/"},{"@type":"ListItem","position":2,"name":"Sobre nosotros"}]},{"@type":"WebSite","@id":"https:\/\/maraey.com\/es\/#website","url":"https:\/\/maraey.com\/es\/","name":"MARAEY","description":"","publisher":{"@id":"https:\/\/maraey.com\/es\/#organization"},"potentialAction":[{"@type":"SearchAction","target":{"@type":"EntryPoint","urlTemplate":"https:\/\/maraey.com\/es\/?s={search_term_string}"},"query-input":{"@type":"PropertyValueSpecification","valueRequired":true,"valueName":"search_term_string"}}],"inLanguage":"es"},{"@type":"Organization","@id":"https:\/\/maraey.com\/es\/#organization","name":"MARAEY","url":"https:\/\/maraey.com\/es\/","logo":{"@type":"ImageObject","inLanguage":"es","@id":"https:\/\/maraey.com\/es\/#\/schema\/logo\/image\/","url":"https:\/\/maraey.com\/wp-content\/uploads\/2025\/08\/Maraey-logo.svg","contentUrl":"https:\/\/maraey.com\/wp-content\/uploads\/2025\/08\/Maraey-logo.svg","width":145,"height":145,"caption":"MARAEY"},"image":{"@id":"https:\/\/maraey.com\/es\/#\/schema\/logo\/image\/"}}]}},"_links":{"self":[{"href":"https:\/\/maraey.com\/es\/wp-json\/wp\/v2\/pages\/7612","targetHints":{"allow":["GET"]}}],"collection":[{"href":"https:\/\/maraey.com\/es\/wp-json\/wp\/v2\/pages"}],"about":[{"href":"https:\/\/maraey.com\/es\/wp-json\/wp\/v2\/types\/page"}],"author":[{"embeddable":true,"href":"https:\/\/maraey.com\/es\/wp-json\/wp\/v2\/users\/2"}],"replies":[{"embeddable":true,"href":"https:\/\/maraey.com\/es\/wp-json\/wp\/v2\/comments?post=7612"}],"version-history":[{"count":8,"href":"https:\/\/maraey.com\/es\/wp-json\/wp\/v2\/pages\/7612\/revisions"}],"predecessor-version":[{"id":8218,"href":"https:\/\/maraey.com\/es\/wp-json\/wp\/v2\/pages\/7612\/revisions\/8218"}],"wp:featuredmedia":[{"embeddable":true,"href":"https:\/\/maraey.com\/es\/wp-json\/wp\/v2\/media\/7609"}],"wp:attachment":[{"href":"https:\/\/maraey.com\/es\/wp-json\/wp\/v2\/media?parent=7612"}],"curies":[{"name":"wp","href":"https:\/\/api.w.org\/{rel}","templated":true}]}}