{"id":7588,"date":"2025-09-26T01:02:31","date_gmt":"2025-09-26T01:02:31","guid":{"rendered":"https:\/\/maraey.com\/se-uno-de-los-primeros\/"},"modified":"2025-10-23T17:52:25","modified_gmt":"2025-10-23T17:52:25","slug":"sea-el-primero","status":"publish","type":"page","link":"https:\/\/maraey.com\/es\/sea-el-primero\/","title":{"rendered":"Sea el Primero"},"content":{"rendered":"\t\t<div data-elementor-type=\"wp-page\" data-elementor-id=\"7588\" class=\"elementor elementor-7588 elementor-5925\" data-elementor-post-type=\"page\">\n\t\t\t\t<div class=\"elementor-element elementor-element-382ac08 e-flex e-con-boxed e-con e-parent\" data-id=\"382ac08\" data-element_type=\"container\" data-settings=\"{&quot;background_background&quot;:&quot;classic&quot;,&quot;animation&quot;:&quot;none&quot;}\">\n\t\t\t\t\t<div class=\"e-con-inner\">\n\t\t\t\t<div class=\"elementor-element elementor-element-f1734b1 elementor-widget__width-initial scroll-title elementor-widget elementor-widget-heading\" data-id=\"f1734b1\" data-element_type=\"widget\" data-widget_type=\"heading.default\">\n\t\t\t\t\t<h1 class=\"elementor-heading-title elementor-size-default\"><span class=\"reveal-word\">Registro<\/span><\/h1>\t\t\t\t<\/div>\n\t\t\t\t\t<\/div>\n\t\t\t\t<\/div>\n\t\t<div class=\"elementor-element elementor-element-efdbb30 e-flex e-con-boxed e-con e-parent\" data-id=\"efdbb30\" data-element_type=\"container\" data-settings=\"{&quot;background_background&quot;:&quot;classic&quot;}\">\n\t\t\t\t\t<div class=\"e-con-inner\">\n\t\t<div class=\"elementor-element elementor-element-a55864b e-con-full e-flex e-con e-child\" data-id=\"a55864b\" data-element_type=\"container\">\n\t\t\t\t<div class=\"elementor-element elementor-element-e8efbf2 scroll-title elementor-widget elementor-widget-heading\" data-id=\"e8efbf2\" data-element_type=\"widget\" data-widget_type=\"heading.default\">\n\t\t\t\t\t<h5 class=\"elementor-heading-title elementor-size-default\"><span class=\"reveal-word\">Sea el primero en vivir esta experiencia <\/span><\/h5>\t\t\t\t<\/div>\n\t\t\t\t<div class=\"elementor-element elementor-element-c89a4eb fade-word elementor-widget__width-initial elementor-widget elementor-widget-text-editor\" data-id=\"c89a4eb\" data-element_type=\"widget\" data-widget_type=\"text-editor.default\">\n\t\t\t\t\t\t\t\t\t<p>Aseg\u00farate un acceso anticipado a lanzamientos de residencias, experiencias de hospedaje y oportunidades \u00fanicas que transformar\u00e1n tu forma de vivir y viajar.<\/p>\t\t\t\t\t\t\t\t<\/div>\n\t\t\t\t<div class=\"elementor-element elementor-element-f65a9ff scroll-title elementor-widget elementor-widget-heading\" data-id=\"f65a9ff\" data-element_type=\"widget\" data-widget_type=\"heading.default\">\n\t\t\t\t\t<h5 class=\"elementor-heading-title elementor-size-default\"><span class=\"reveal-word\">Es agente inmobiliario? <\/span><\/h5>\t\t\t\t<\/div>\n\t\t\t\t<div class=\"elementor-element elementor-element-2c6aefb elementor-widget elementor-widget-button\" data-id=\"2c6aefb\" data-element_type=\"widget\" data-widget_type=\"button.default\">\n\t\t\t\t\t\t\t\t\t\t<a class=\"elementor-button elementor-button-link elementor-size-sm\" href=\"https:\/\/maraey.com\/es\/agente-inmobiliario\/\">\n\t\t\t\t\t\t<span class=\"elementor-button-content-wrapper\">\n\t\t\t\t\t\t\t\t\t<span class=\"elementor-button-text\">Ponte en contacto<\/span>\n\t\t\t\t\t<\/span>\n\t\t\t\t\t<\/a>\n\t\t\t\t\t\t\t\t<\/div>\n\t\t\t\t<\/div>\n\t\t<div class=\"elementor-element elementor-element-af57eb5 e-con-full e-flex e-con e-child\" data-id=\"af57eb5\" data-element_type=\"container\">\n\t\t\t\t<div class=\"elementor-element elementor-element-a3b89eb elementor-button-align-end elementor-widget elementor-widget-form\" data-id=\"a3b89eb\" data-element_type=\"widget\" data-settings=\"{&quot;step_next_label&quot;:&quot;Siguiente&quot;,&quot;step_previous_label&quot;:&quot;Anterior&quot;,&quot;button_width&quot;:&quot;100&quot;,&quot;step_type&quot;:&quot;number_text&quot;,&quot;step_icon_shape&quot;:&quot;circle&quot;}\" data-widget_type=\"form.default\">\n\t\t\t\t\t\t\t<form class=\"elementor-form\" method=\"post\" name=\"Sea el primero\" aria-label=\"Sea el primero\">\n\t\t\t<input type=\"hidden\" name=\"post_id\" value=\"7588\"\/>\n\t\t\t<input type=\"hidden\" name=\"form_id\" value=\"a3b89eb\"\/>\n\t\t\t<input type=\"hidden\" name=\"referer_title\" value=\"Sea el Primero | MARAEY\" \/>\n\n\t\t\t\t\t\t\t<input type=\"hidden\" name=\"queried_id\" value=\"7588\"\/>\n\t\t\t\n\t\t\t<div class=\"elementor-form-fields-wrapper elementor-labels-\">\n\t\t\t\t\t\t\t\t<div class=\"elementor-field-type-text elementor-field-group elementor-column elementor-field-group-name elementor-col-100 elementor-field-required\">\n\t\t\t\t\t\t\t\t\t\t\t\t<label for=\"form-field-name\" class=\"elementor-field-label elementor-screen-only\">\n\t\t\t\t\t\t\t\tNombre\t\t\t\t\t\t\t<\/label>\n\t\t\t\t\t\t\t\t\t\t\t\t\t\t<input size=\"1\" type=\"text\" name=\"form_fields[name]\" id=\"form-field-name\" class=\"elementor-field elementor-size-sm  elementor-field-textual\" placeholder=\"Nombre*\" required=\"required\">\n\t\t\t\t\t\t\t\t\t\t\t<\/div>\n\t\t\t\t\t\t\t\t<div class=\"elementor-field-type-email elementor-field-group elementor-column elementor-field-group-email elementor-col-100 elementor-field-required\">\n\t\t\t\t\t\t\t\t\t\t\t\t<label for=\"form-field-email\" class=\"elementor-field-label elementor-screen-only\">\n\t\t\t\t\t\t\t\tCorreo electr\u00f3nico\t\t\t\t\t\t\t<\/label>\n\t\t\t\t\t\t\t\t\t\t\t\t\t\t<input size=\"1\" type=\"email\" name=\"form_fields[email]\" id=\"form-field-email\" class=\"elementor-field elementor-size-sm  elementor-field-textual\" placeholder=\"E-mail*\" required=\"required\">\n\t\t\t\t\t\t\t\t\t\t\t<\/div>\n\t\t\t\t\t\t\t\t<div class=\"elementor-field-type-tel elementor-field-group elementor-column elementor-field-group-field_ccf36d8 elementor-col-100 elementor-field-required\">\n\t\t\t\t\t\t\t\t\t\t\t\t<label for=\"form-field-field_ccf36d8\" class=\"elementor-field-label elementor-screen-only\">\n\t\t\t\t\t\t\t\tTel\u00e9fono\t\t\t\t\t\t\t<\/label>\n\t\t\t\t\t\t\t\t<input size=\"1\" type=\"tel\" name=\"form_fields[field_ccf36d8]\" id=\"form-field-field_ccf36d8\" class=\"elementor-field elementor-size-sm  elementor-field-textual\" placeholder=\"Tel\u00e9fono*\" required=\"required\" pattern=\"[0-9()#&amp;+*-=.]+\" title=\"Solo se aceptan n\u00fameros y caracteres de tel\u00e9fono (#,-,*,etc).\">\n\n\t\t\t\t\t\t<\/div>\n\t\t\t\t\t\t\t\t<div class=\"elementor-field-type-text elementor-field-group elementor-column elementor-field-group-field_5ceac75 elementor-col-100 elementor-field-required\">\n\t\t\t\t\t\t\t\t\t\t\t\t<label for=\"form-field-field_5ceac75\" class=\"elementor-field-label elementor-screen-only\">\n\t\t\t\t\t\t\t\tAsunto\t\t\t\t\t\t\t<\/label>\n\t\t\t\t\t\t\t\t\t\t\t\t\t\t<input size=\"1\" type=\"text\" name=\"form_fields[field_5ceac75]\" id=\"form-field-field_5ceac75\" class=\"elementor-field elementor-size-sm  elementor-field-textual\" placeholder=\"Asunto*\" required=\"required\">\n\t\t\t\t\t\t\t\t\t\t\t<\/div>\n\t\t\t\t\t\t\t\t<div class=\"elementor-field-type-textarea elementor-field-group elementor-column elementor-field-group-message elementor-col-100 elementor-field-required\">\n\t\t\t\t\t\t\t\t\t\t\t\t<label for=\"form-field-message\" class=\"elementor-field-label elementor-screen-only\">\n\t\t\t\t\t\t\t\tMensaje\t\t\t\t\t\t\t<\/label>\n\t\t\t\t\t\t<textarea class=\"elementor-field-textual elementor-field  elementor-size-sm\" name=\"form_fields[message]\" id=\"form-field-message\" rows=\"4\" placeholder=\"Mensaje*\" required=\"required\"><\/textarea>\t\t\t\t<\/div>\n\t\t\t\t\t\t\t\t<div class=\"elementor-field-type-recaptcha_v3 elementor-field-group elementor-column elementor-field-group-field_bfd09f6 elementor-col-100 recaptcha_v3-inline\">\n\t\t\t\t\t<div class=\"elementor-field\" id=\"form-field-field_bfd09f6\"><div class=\"elementor-g-recaptcha\" data-sitekey=\"6Lf4e-ArAAAAAEX1v4ynpOIrW3cTPMZRf1Gnl3il\" data-type=\"v3\" data-action=\"Form\" data-badge=\"inline\" data-size=\"invisible\"><\/div><\/div>\t\t\t\t<\/div>\n\t\t\t\t\t\t\t\t<div class=\"elementor-field-group elementor-column elementor-field-type-submit elementor-col-100 e-form__buttons\">\n\t\t\t\t\t<button class=\"elementor-button elementor-size-sm\" type=\"submit\">\n\t\t\t\t\t\t<span class=\"elementor-button-content-wrapper\">\n\t\t\t\t\t\t\t\t\t\t\t\t\t\t\t\t\t\t\t\t\t\t<span class=\"elementor-button-text\">Enviar<\/span>\n\t\t\t\t\t\t\t\t\t\t\t\t\t<\/span>\n\t\t\t\t\t<\/button>\n\t\t\t\t<\/div>\n\t\t\t<\/div>\n\t\t<\/form>\n\t\t\t\t\t\t<\/div>\n\t\t\t\t<\/div>\n\t\t\t\t<div class=\"elementor-element elementor-element-64de6cb elementor-widget__width-initial elementor-absolute elementor-widget elementor-widget-image\" data-id=\"64de6cb\" data-element_type=\"widget\" data-settings=\"{&quot;_position&quot;:&quot;absolute&quot;}\" data-widget_type=\"image.default\">\n\t\t\t\t\t\t\t\t\t\t\t\t\t\t\t<img fetchpriority=\"high\" decoding=\"async\" width=\"554\" height=\"562\" src=\"https:\/\/maraey.com\/wp-content\/uploads\/2025\/09\/flores.svg\" class=\"attachment-large size-large wp-image-7245\" alt=\"\" \/>\t\t\t\t\t\t\t\t\t\t\t\t\t\t\t<\/div>\n\t\t\t\t\t<\/div>\n\t\t\t\t<\/div>\n\t\t\t\t<\/div>\n\t\t","protected":false},"excerpt":{"rendered":"<p>Registro Sea el primero en vivir esta experiencia Aseg\u00farate un acceso anticipado a lanzamientos de residencias, experiencias de hospedaje y oportunidades \u00fanicas que transformar\u00e1n tu forma de vivir y viajar. Es agente inmobiliario? Ponte en contacto<\/p>\n","protected":false},"author":2,"featured_media":7571,"parent":0,"menu_order":0,"comment_status":"closed","ping_status":"closed","template":"","meta":{"_acf_changed":false,"footnotes":""},"class_list":["post-7588","page","type-page","status-publish","has-post-thumbnail","hentry"],"acf":[],"yoast_head":"<!-- This site is optimized with the Yoast SEO plugin v26.6 - https:\/\/yoast.com\/wordpress\/plugins\/seo\/ -->\n<title>Sea el Primero | MARAEY<\/title>\n<meta name=\"description\" content=\"Contacta con MARAEY. Descubre nuestro proyecto de turismo sostenible en Maric\u00e1, RJ, \u00a1y vive una experiencia paradis\u00edaca!\" \/>\n<meta name=\"robots\" content=\"index, follow, max-snippet:-1, max-image-preview:large, max-video-preview:-1\" \/>\n<link rel=\"canonical\" href=\"https:\/\/maraey.com\/es\/sea-el-primero\/\" \/>\n<meta property=\"og:locale\" content=\"es_ES\" \/>\n<meta property=\"og:type\" content=\"article\" \/>\n<meta property=\"og:title\" content=\"Sea el Primero | MARAEY\" \/>\n<meta property=\"og:description\" content=\"Contacta con MARAEY. Descubre nuestro proyecto de turismo sostenible en Maric\u00e1, RJ, \u00a1y vive una experiencia paradis\u00edaca!\" \/>\n<meta property=\"og:url\" content=\"https:\/\/maraey.com\/es\/sea-el-primero\/\" \/>\n<meta property=\"og:site_name\" content=\"MARAEY\" \/>\n<meta property=\"article:modified_time\" content=\"2025-10-23T17:52:25+00:00\" \/>\n<meta property=\"og:image\" content=\"https:\/\/maraey.com\/wp-content\/uploads\/2025\/09\/contato-hero-scaled.webp\" \/>\n\t<meta property=\"og:image:width\" content=\"1707\" \/>\n\t<meta property=\"og:image:height\" content=\"2560\" \/>\n\t<meta property=\"og:image:type\" content=\"image\/webp\" \/>\n<meta name=\"twitter:card\" content=\"summary_large_image\" \/>\n<meta name=\"twitter:label1\" content=\"Tiempo de lectura\" \/>\n\t<meta name=\"twitter:data1\" content=\"1 minuto\" \/>\n<script type=\"application\/ld+json\" class=\"yoast-schema-graph\">{\"@context\":\"https:\/\/schema.org\",\"@graph\":[{\"@type\":\"WebPage\",\"@id\":\"https:\/\/maraey.com\/es\/sea-el-primero\/\",\"url\":\"https:\/\/maraey.com\/es\/sea-el-primero\/\",\"name\":\"Sea el Primero | MARAEY\",\"isPartOf\":{\"@id\":\"https:\/\/maraey.com\/es\/#website\"},\"primaryImageOfPage\":{\"@id\":\"https:\/\/maraey.com\/es\/sea-el-primero\/#primaryimage\"},\"image\":{\"@id\":\"https:\/\/maraey.com\/es\/sea-el-primero\/#primaryimage\"},\"thumbnailUrl\":\"https:\/\/maraey.com\/wp-content\/uploads\/2025\/09\/contato-hero-scaled.webp\",\"datePublished\":\"2025-09-26T01:02:31+00:00\",\"dateModified\":\"2025-10-23T17:52:25+00:00\",\"description\":\"Contacta con MARAEY. Descubre nuestro proyecto de turismo sostenible en Maric\u00e1, RJ, \u00a1y vive una experiencia paradis\u00edaca!\",\"breadcrumb\":{\"@id\":\"https:\/\/maraey.com\/es\/sea-el-primero\/#breadcrumb\"},\"inLanguage\":\"es\",\"potentialAction\":[{\"@type\":\"ReadAction\",\"target\":[\"https:\/\/maraey.com\/es\/sea-el-primero\/\"]}]},{\"@type\":\"ImageObject\",\"inLanguage\":\"es\",\"@id\":\"https:\/\/maraey.com\/es\/sea-el-primero\/#primaryimage\",\"url\":\"https:\/\/maraey.com\/wp-content\/uploads\/2025\/09\/contato-hero-scaled.webp\",\"contentUrl\":\"https:\/\/maraey.com\/wp-content\/uploads\/2025\/09\/contato-hero-scaled.webp\",\"width\":1707,\"height\":2560},{\"@type\":\"BreadcrumbList\",\"@id\":\"https:\/\/maraey.com\/es\/sea-el-primero\/#breadcrumb\",\"itemListElement\":[{\"@type\":\"ListItem\",\"position\":1,\"name\":\"In\u00edcio\",\"item\":\"https:\/\/maraey.com\/es\/\"},{\"@type\":\"ListItem\",\"position\":2,\"name\":\"Sea el Primero\"}]},{\"@type\":\"WebSite\",\"@id\":\"https:\/\/maraey.com\/es\/#website\",\"url\":\"https:\/\/maraey.com\/es\/\",\"name\":\"MARAEY\",\"description\":\"\",\"publisher\":{\"@id\":\"https:\/\/maraey.com\/es\/#organization\"},\"potentialAction\":[{\"@type\":\"SearchAction\",\"target\":{\"@type\":\"EntryPoint\",\"urlTemplate\":\"https:\/\/maraey.com\/es\/?s={search_term_string}\"},\"query-input\":{\"@type\":\"PropertyValueSpecification\",\"valueRequired\":true,\"valueName\":\"search_term_string\"}}],\"inLanguage\":\"es\"},{\"@type\":\"Organization\",\"@id\":\"https:\/\/maraey.com\/es\/#organization\",\"name\":\"MARAEY\",\"url\":\"https:\/\/maraey.com\/es\/\",\"logo\":{\"@type\":\"ImageObject\",\"inLanguage\":\"es\",\"@id\":\"https:\/\/maraey.com\/es\/#\/schema\/logo\/image\/\",\"url\":\"https:\/\/maraey.com\/wp-content\/uploads\/2025\/08\/Maraey-logo.svg\",\"contentUrl\":\"https:\/\/maraey.com\/wp-content\/uploads\/2025\/08\/Maraey-logo.svg\",\"width\":145,\"height\":145,\"caption\":\"MARAEY\"},\"image\":{\"@id\":\"https:\/\/maraey.com\/es\/#\/schema\/logo\/image\/\"}}]}<\/script>\n<!-- \/ Yoast SEO plugin. -->","yoast_head_json":{"title":"Sea el Primero | MARAEY","description":"Contacta con MARAEY. Descubre nuestro proyecto de turismo sostenible en Maric\u00e1, RJ, \u00a1y vive una experiencia paradis\u00edaca!","robots":{"index":"index","follow":"follow","max-snippet":"max-snippet:-1","max-image-preview":"max-image-preview:large","max-video-preview":"max-video-preview:-1"},"canonical":"https:\/\/maraey.com\/es\/sea-el-primero\/","og_locale":"es_ES","og_type":"article","og_title":"Sea el Primero | MARAEY","og_description":"Contacta con MARAEY. Descubre nuestro proyecto de turismo sostenible en Maric\u00e1, RJ, \u00a1y vive una experiencia paradis\u00edaca!","og_url":"https:\/\/maraey.com\/es\/sea-el-primero\/","og_site_name":"MARAEY","article_modified_time":"2025-10-23T17:52:25+00:00","og_image":[{"width":1707,"height":2560,"url":"https:\/\/maraey.com\/wp-content\/uploads\/2025\/09\/contato-hero-scaled.webp","type":"image\/webp"}],"twitter_card":"summary_large_image","twitter_misc":{"Tiempo de lectura":"1 minuto"},"schema":{"@context":"https:\/\/schema.org","@graph":[{"@type":"WebPage","@id":"https:\/\/maraey.com\/es\/sea-el-primero\/","url":"https:\/\/maraey.com\/es\/sea-el-primero\/","name":"Sea el Primero | MARAEY","isPartOf":{"@id":"https:\/\/maraey.com\/es\/#website"},"primaryImageOfPage":{"@id":"https:\/\/maraey.com\/es\/sea-el-primero\/#primaryimage"},"image":{"@id":"https:\/\/maraey.com\/es\/sea-el-primero\/#primaryimage"},"thumbnailUrl":"https:\/\/maraey.com\/wp-content\/uploads\/2025\/09\/contato-hero-scaled.webp","datePublished":"2025-09-26T01:02:31+00:00","dateModified":"2025-10-23T17:52:25+00:00","description":"Contacta con MARAEY. Descubre nuestro proyecto de turismo sostenible en Maric\u00e1, RJ, \u00a1y vive una experiencia paradis\u00edaca!","breadcrumb":{"@id":"https:\/\/maraey.com\/es\/sea-el-primero\/#breadcrumb"},"inLanguage":"es","potentialAction":[{"@type":"ReadAction","target":["https:\/\/maraey.com\/es\/sea-el-primero\/"]}]},{"@type":"ImageObject","inLanguage":"es","@id":"https:\/\/maraey.com\/es\/sea-el-primero\/#primaryimage","url":"https:\/\/maraey.com\/wp-content\/uploads\/2025\/09\/contato-hero-scaled.webp","contentUrl":"https:\/\/maraey.com\/wp-content\/uploads\/2025\/09\/contato-hero-scaled.webp","width":1707,"height":2560},{"@type":"BreadcrumbList","@id":"https:\/\/maraey.com\/es\/sea-el-primero\/#breadcrumb","itemListElement":[{"@type":"ListItem","position":1,"name":"In\u00edcio","item":"https:\/\/maraey.com\/es\/"},{"@type":"ListItem","position":2,"name":"Sea el Primero"}]},{"@type":"WebSite","@id":"https:\/\/maraey.com\/es\/#website","url":"https:\/\/maraey.com\/es\/","name":"MARAEY","description":"","publisher":{"@id":"https:\/\/maraey.com\/es\/#organization"},"potentialAction":[{"@type":"SearchAction","target":{"@type":"EntryPoint","urlTemplate":"https:\/\/maraey.com\/es\/?s={search_term_string}"},"query-input":{"@type":"PropertyValueSpecification","valueRequired":true,"valueName":"search_term_string"}}],"inLanguage":"es"},{"@type":"Organization","@id":"https:\/\/maraey.com\/es\/#organization","name":"MARAEY","url":"https:\/\/maraey.com\/es\/","logo":{"@type":"ImageObject","inLanguage":"es","@id":"https:\/\/maraey.com\/es\/#\/schema\/logo\/image\/","url":"https:\/\/maraey.com\/wp-content\/uploads\/2025\/08\/Maraey-logo.svg","contentUrl":"https:\/\/maraey.com\/wp-content\/uploads\/2025\/08\/Maraey-logo.svg","width":145,"height":145,"caption":"MARAEY"},"image":{"@id":"https:\/\/maraey.com\/es\/#\/schema\/logo\/image\/"}}]}},"_links":{"self":[{"href":"https:\/\/maraey.com\/es\/wp-json\/wp\/v2\/pages\/7588","targetHints":{"allow":["GET"]}}],"collection":[{"href":"https:\/\/maraey.com\/es\/wp-json\/wp\/v2\/pages"}],"about":[{"href":"https:\/\/maraey.com\/es\/wp-json\/wp\/v2\/types\/page"}],"author":[{"embeddable":true,"href":"https:\/\/maraey.com\/es\/wp-json\/wp\/v2\/users\/2"}],"replies":[{"embeddable":true,"href":"https:\/\/maraey.com\/es\/wp-json\/wp\/v2\/comments?post=7588"}],"version-history":[{"count":5,"href":"https:\/\/maraey.com\/es\/wp-json\/wp\/v2\/pages\/7588\/revisions"}],"predecessor-version":[{"id":8230,"href":"https:\/\/maraey.com\/es\/wp-json\/wp\/v2\/pages\/7588\/revisions\/8230"}],"wp:featuredmedia":[{"embeddable":true,"href":"https:\/\/maraey.com\/es\/wp-json\/wp\/v2\/media\/7571"}],"wp:attachment":[{"href":"https:\/\/maraey.com\/es\/wp-json\/wp\/v2\/media?parent=7588"}],"curies":[{"name":"wp","href":"https:\/\/api.w.org\/{rel}","templated":true}]}}