{"id":7403,"date":"2025-08-08T15:56:15","date_gmt":"2025-08-08T15:56:15","guid":{"rendered":"https:\/\/maraey.com\/ritz-carlton-reserve\/"},"modified":"2025-12-09T17:36:08","modified_gmt":"2025-12-09T17:36:08","slug":"ritz-carlton-reserve","status":"publish","type":"page","link":"https:\/\/maraey.com\/es\/branded-residences\/ritz-carlton-reserve\/","title":{"rendered":"Ritz-Carlton Reserve"},"content":{"rendered":"\t\t<div data-elementor-type=\"wp-page\" data-elementor-id=\"7403\" class=\"elementor elementor-7403 elementor-2173\" data-elementor-post-type=\"page\">\n\t\t\t\t<div class=\"elementor-element elementor-element-d8c8073 e-con-full e-flex e-con e-parent\" data-id=\"d8c8073\" data-element_type=\"container\" data-settings=\"{&quot;background_background&quot;:&quot;classic&quot;}\">\n\t\t<div class=\"elementor-element elementor-element-bf9af1e e-con-full e-flex e-con e-child\" data-id=\"bf9af1e\" data-element_type=\"container\">\n\t\t\t\t<div class=\"elementor-element elementor-element-e6e1e1a scroll-title elementor-widget elementor-widget-heading\" data-id=\"e6e1e1a\" data-element_type=\"widget\" data-widget_type=\"heading.default\">\n\t\t\t\t\t<h2 class=\"elementor-heading-title elementor-size-default\"><span class=\"reveal-word\">The Residences at MARAEY,<br>A Ritz-Carlton Reserve<\/span>\u200b<\/h2>\t\t\t\t<\/div>\n\t\t\t\t<\/div>\n\t\t<div class=\"elementor-element elementor-element-5a81527 e-con-full e-flex e-con e-child\" data-id=\"5a81527\" data-element_type=\"container\">\n\t\t<div class=\"elementor-element elementor-element-07e37dc e-con-full e-flex e-con e-child\" data-id=\"07e37dc\" data-element_type=\"container\">\n\t\t\t\t<div class=\"elementor-element elementor-element-25c5d6f elementor-widget__width-initial image-reveal elementor-widget elementor-widget-image\" data-id=\"25c5d6f\" data-element_type=\"widget\" data-settings=\"{&quot;motion_fx_motion_fx_scrolling&quot;:&quot;yes&quot;,&quot;motion_fx_devices&quot;:[&quot;desktop&quot;,&quot;tablet&quot;]}\" data-widget_type=\"image.default\">\n\t\t\t\t\t\t\t\t\t\t\t\t\t\t\t<img fetchpriority=\"high\" decoding=\"async\" width=\"736\" height=\"920\" src=\"https:\/\/maraey.com\/wp-content\/uploads\/2025\/08\/ritz-carlton.jpg\" class=\"attachment-full size-full wp-image-7399\" alt=\"\" srcset=\"https:\/\/maraey.com\/wp-content\/uploads\/2025\/08\/ritz-carlton.jpg 736w, https:\/\/maraey.com\/wp-content\/uploads\/2025\/08\/ritz-carlton-240x300.jpg 240w\" sizes=\"(max-width: 736px) 100vw, 736px\" \/>\t\t\t\t\t\t\t\t\t\t\t\t\t\t\t<\/div>\n\t\t\t\t<\/div>\n\t\t<div class=\"elementor-element elementor-element-1199a23 e-con-full e-flex e-con e-child\" data-id=\"1199a23\" data-element_type=\"container\">\n\t\t\t\t<div class=\"elementor-element elementor-element-6b66dd6 scroll-title elementor-widget elementor-widget-heading\" data-id=\"6b66dd6\" data-element_type=\"widget\" data-widget_type=\"heading.default\">\n\t\t\t\t\t<p class=\"elementor-heading-title elementor-size-default\"><span class=\"reveal-word\">Viva frente al Oc\u00e9ano Atl\u00e1ntico en una obra maestra arquitect\u00f3nica.<\/span><\/p>\t\t\t\t<\/div>\n\t\t\t\t<div class=\"elementor-element elementor-element-974d9bd fade-word elementor-widget elementor-widget-text-editor\" data-id=\"974d9bd\" data-element_type=\"widget\" data-widget_type=\"text-editor.default\">\n\t\t\t\t\t\t\t\t\t<p>Frente al mar, las residencias presentan el innovador concepto de villas verticales, que combinan sofisticaci\u00f3n, privacidad e integraci\u00f3n con la naturaleza.<\/p>\t\t\t\t\t\t\t\t<\/div>\n\t\t\t\t<\/div>\n\t\t\t\t<\/div>\n\t\t<div class=\"elementor-element elementor-element-eae670e e-con-full e-flex e-con e-child\" data-id=\"eae670e\" data-element_type=\"container\">\n\t\t<div class=\"elementor-element elementor-element-2542a82 e-con-full e-flex e-con e-child\" data-id=\"2542a82\" data-element_type=\"container\">\n\t\t\t\t<div class=\"elementor-element elementor-element-71dc17c fade-word elementor-widget elementor-widget-text-editor\" data-id=\"71dc17c\" data-element_type=\"widget\" data-widget_type=\"text-editor.default\">\n\t\t\t\t\t\t\t\t\t<p>Son 80 exclusivas viviendas con superficies entre 150 m\u00b2 y 300 m\u00b2, entre 3 y 5 suites, extraordinarias terrazas con piscina privada y un dise\u00f1o que proporciona sensaci\u00f3n de continuidad e integraci\u00f3n, difuminando la l\u00ednea entre interior y exterior.<\/p>\t\t\t\t\t\t\t\t<\/div>\n\t\t\t\t<\/div>\n\t\t<div class=\"elementor-element elementor-element-e09bfc9 e-con-full e-flex e-con e-child\" data-id=\"e09bfc9\" data-element_type=\"container\">\n\t\t\t\t<div class=\"elementor-element elementor-element-d4b6b7b elementor-widget__width-initial image-reveal elementor-widget elementor-widget-image\" data-id=\"d4b6b7b\" data-element_type=\"widget\" data-settings=\"{&quot;motion_fx_motion_fx_scrolling&quot;:&quot;yes&quot;,&quot;motion_fx_devices&quot;:[&quot;desktop&quot;,&quot;tablet&quot;]}\" data-widget_type=\"image.default\">\n\t\t\t\t\t\t\t\t\t\t\t\t\t\t\t<img decoding=\"async\" width=\"2560\" height=\"1707\" src=\"https:\/\/maraey.com\/wp-content\/uploads\/2025\/08\/conforto-min-scaled.jpg\" class=\"attachment-full size-full wp-image-7400\" alt=\"\" srcset=\"https:\/\/maraey.com\/wp-content\/uploads\/2025\/08\/conforto-min-scaled.jpg 2560w, https:\/\/maraey.com\/wp-content\/uploads\/2025\/08\/conforto-min-300x200.jpg 300w, https:\/\/maraey.com\/wp-content\/uploads\/2025\/08\/conforto-min-1024x683.jpg 1024w, https:\/\/maraey.com\/wp-content\/uploads\/2025\/08\/conforto-min-768x512.jpg 768w, https:\/\/maraey.com\/wp-content\/uploads\/2025\/08\/conforto-min-1536x1024.jpg 1536w, https:\/\/maraey.com\/wp-content\/uploads\/2025\/08\/conforto-min-2048x1366.jpg 2048w\" sizes=\"(max-width: 2560px) 100vw, 2560px\" \/>\t\t\t\t\t\t\t\t\t\t\t\t\t\t\t<\/div>\n\t\t\t\t<\/div>\n\t\t\t\t<\/div>\n\t\t\t\t<\/div>\n\t\t<div class=\"elementor-element elementor-element-09e1655 e-flex e-con-boxed e-con e-parent\" data-id=\"09e1655\" data-element_type=\"container\" data-settings=\"{&quot;background_background&quot;:&quot;classic&quot;}\">\n\t\t\t\t\t<div class=\"e-con-inner\">\n\t\t\t\t<div class=\"elementor-element elementor-element-be67357 elementor-absolute elementor-widget elementor-widget-html\" data-id=\"be67357\" data-element_type=\"widget\" data-settings=\"{&quot;_position&quot;:&quot;absolute&quot;}\" data-widget_type=\"html.default\">\n\t\t\t\t\t<div id=\"fio-animado-container3\" style=\"width: 100vw; height: 100vh;\">\n  <svg xmlns=\"http:\/\/www.w3.org\/2000\/svg\" id=\"fio-animado3\" viewbox=\"0 0 1440 700\" width=\"100vw\" height=\"100vh\" fill=\"none\">\n<path d=\"M0,100           C 300,100 400,300 700,350           C 1000,400 1300,300 1440,280\" stroke=\"#FFFFFF\" stroke-width=\"1\" fill=\"none\" stroke-linecap=\"round\" stroke-linejoin=\"round\" stroke-dasharray=\"2500\" stroke-dashoffset=\"2500\">\n  <animate id=\"animar-fio3\" attributename=\"stroke-dashoffset\" from=\"2500\" to=\"0\" dur=\"2s\" fill=\"freeze\" begin=\"indefinite\"><\/animate>\n<\/path>\n\n\n  <\/path><\/svg>\n<\/div>\n\n<script>\n  document.addEventListener(\"DOMContentLoaded\", function () {\n    const target = document.querySelector(\"#fio-animado3\");\n\n    const observer = new IntersectionObserver((entries) =&gt; {\n      entries.forEach(entry =&gt; {\n        if (entry.isIntersecting) {\n          const path = target.querySelector(\"path\");\n          const clone = path.cloneNode(true);\n          path.replaceWith(clone);\n\n          const anim = clone.querySelector(\"animate\");\n          if (anim) anim.beginElement();\n        }\n      });\n    }, {\n      threshold: 0.5\n    });\n\n    if (target) {\n      observer.observe(target);\n    }\n  });\n<\/script>\n\n\t\t\t\t<\/div>\n\t\t\t\t<div class=\"elementor-element elementor-element-69c151b elementor-widget__width-initial elementor-absolute elementor-widget elementor-widget-image\" data-id=\"69c151b\" data-element_type=\"widget\" data-settings=\"{&quot;_position&quot;:&quot;absolute&quot;}\" data-widget_type=\"image.default\">\n\t\t\t\t\t\t\t\t\t\t\t\t\t\t\t<img decoding=\"async\" width=\"695\" height=\"544\" src=\"https:\/\/maraey.com\/wp-content\/uploads\/2025\/08\/folhas-2.svg\" class=\"attachment-full size-full wp-image-7401\" alt=\"\" \/>\t\t\t\t\t\t\t\t\t\t\t\t\t\t\t<\/div>\n\t\t<div class=\"elementor-element elementor-element-f0cd824 e-con-full e-flex e-con e-child\" data-id=\"f0cd824\" data-element_type=\"container\">\n\t\t\t\t<div class=\"elementor-element elementor-element-e3b1bc1 elementor-widget__width-initial elementor-widget elementor-widget-image\" data-id=\"e3b1bc1\" data-element_type=\"widget\" data-widget_type=\"image.default\">\n\t\t\t\t\t\t\t\t\t\t\t\t\t\t\t\t<a href=\"https:\/\/www.ritzcarlton.com\/en\/hotels-and-resorts\/ritz-carlton-reserve\/\" target=\"_blank\">\n\t\t\t\t\t\t\t<img loading=\"lazy\" decoding=\"async\" width=\"800\" height=\"39\" src=\"https:\/\/maraey.com\/wp-content\/uploads\/2025\/08\/2-LOGO-RITZ-1024x50.png\" class=\"attachment-large size-large wp-image-6699\" alt=\"\" srcset=\"https:\/\/maraey.com\/wp-content\/uploads\/2025\/08\/2-LOGO-RITZ-1024x50.png 1024w, https:\/\/maraey.com\/wp-content\/uploads\/2025\/08\/2-LOGO-RITZ-300x15.png 300w, https:\/\/maraey.com\/wp-content\/uploads\/2025\/08\/2-LOGO-RITZ-768x37.png 768w, https:\/\/maraey.com\/wp-content\/uploads\/2025\/08\/2-LOGO-RITZ-1536x75.png 1536w, https:\/\/maraey.com\/wp-content\/uploads\/2025\/08\/2-LOGO-RITZ-2048x99.png 2048w\" sizes=\"(max-width: 800px) 100vw, 800px\" \/>\t\t\t\t\t\t\t\t<\/a>\n\t\t\t\t\t\t\t\t\t\t\t\t\t\t\t<\/div>\n\t\t\t\t<div class=\"elementor-element elementor-element-3dbb3ef scroll-title elementor-widget elementor-widget-heading\" data-id=\"3dbb3ef\" data-element_type=\"widget\" data-widget_type=\"heading.default\">\n\t\t\t\t\t<p class=\"elementor-heading-title elementor-size-default\"><span class=\"reveal-word\">Servicio excepcional en perfecta sinton\u00eda con el entorno <\/span><\/p>\t\t\t\t<\/div>\n\t\t\t\t<div class=\"elementor-element elementor-element-23112ea fade-word elementor-widget elementor-widget-text-editor\" data-id=\"23112ea\" data-element_type=\"widget\" data-widget_type=\"text-editor.default\">\n\t\t\t\t\t\t\t\t\t<p>Con servicios de conserjer\u00eda, mantenimiento y limpieza siempre a disposici\u00f3n, es parte integral de la experiencia el acceso exclusivo a las instalaciones y amenidades y a los incomparables est\u00e1ndares de hospitalidad cinco estrellas de Ritz-Carlton Reserve: alta gastronom\u00eda, escuela de cocina y huerto org\u00e1nico; bienestar con clases de yoga; adem\u00e1s del magn\u00edfico spa, piscinas y gimnasios.<\/p>\t\t\t\t\t\t\t\t<\/div>\n\t\t\t\t<\/div>\n\t\t<div class=\"elementor-element elementor-element-359b8b2 e-con-full e-flex e-con e-child\" data-id=\"359b8b2\" data-element_type=\"container\">\n\t\t\t\t<div class=\"elementor-element elementor-element-c5a4cfa fade-word elementor-widget elementor-widget-text-editor\" data-id=\"c5a4cfa\" data-element_type=\"widget\" data-widget_type=\"text-editor.default\">\n\t\t\t\t\t\t\t\t\t<p>Especialmente dise\u00f1adas para transformar cada d\u00eda en una experiencia \u00fanica:<\/p>\t\t\t\t\t\t\t\t<\/div>\n\t\t\t\t<div class=\"elementor-element elementor-element-414b736 reveal-word elementor-widget elementor-widget-heading\" data-id=\"414b736\" data-element_type=\"widget\" data-widget_type=\"heading.default\">\n\t\t\t\t\t<p class=\"elementor-heading-title elementor-size-default\">Restaurantes firmados por chefs Michelin, Spa, Huerto KM <span style=\"font-family:'Times New Roman'\">0<\/span><\/p>\t\t\t\t<\/div>\n\t\t\t\t<\/div>\n\t\t\t\t\t<\/div>\n\t\t\t\t<\/div>\n\t\t<div class=\"elementor-element elementor-element-0a3b67a e-flex e-con-boxed e-con e-parent\" data-id=\"0a3b67a\" data-element_type=\"container\" data-settings=\"{&quot;background_background&quot;:&quot;classic&quot;}\">\n\t\t\t\t\t<div class=\"e-con-inner\">\n\t\t\t\t<div class=\"elementor-element elementor-element-ed6c4ee elementor-widget__width-initial elementor-hidden-desktop elementor-hidden-tablet elementor-hidden-mobile elementor-widget elementor-widget-image\" data-id=\"ed6c4ee\" data-element_type=\"widget\" data-widget_type=\"image.default\">\n\t\t\t\t\t\t\t\t\t\t\t\t\t\t\t<img loading=\"lazy\" decoding=\"async\" width=\"1246\" height=\"580\" src=\"https:\/\/maraey.com\/wp-content\/uploads\/2025\/08\/ritz-carlton-mapa-e1758838506645.png\" class=\"attachment-full size-full wp-image-7402\" alt=\"\" srcset=\"https:\/\/maraey.com\/wp-content\/uploads\/2025\/08\/ritz-carlton-mapa-e1758838506645.png 1246w, https:\/\/maraey.com\/wp-content\/uploads\/2025\/08\/ritz-carlton-mapa-e1758838506645-300x140.png 300w, https:\/\/maraey.com\/wp-content\/uploads\/2025\/08\/ritz-carlton-mapa-e1758838506645-1024x477.png 1024w, https:\/\/maraey.com\/wp-content\/uploads\/2025\/08\/ritz-carlton-mapa-e1758838506645-768x357.png 768w\" sizes=\"(max-width: 1246px) 100vw, 1246px\" \/>\t\t\t\t\t\t\t\t\t\t\t\t\t\t\t<\/div>\n\t\t\t\t\t<\/div>\n\t\t\t\t<\/div>\n\t\t\t\t<\/div>\n\t\t","protected":false},"excerpt":{"rendered":"<p>The Residences at MARAEY,A Ritz-Carlton Reserve\u200b Viva frente al Oc\u00e9ano Atl\u00e1ntico en una obra maestra arquitect\u00f3nica. Frente al mar, las residencias presentan el innovador concepto de villas verticales, que combinan sofisticaci\u00f3n, privacidad e integraci\u00f3n con la naturaleza. Son 80 exclusivas viviendas con superficies entre 150 m\u00b2 y 300 m\u00b2, entre 3 y 5 suites, extraordinarias [&hellip;]<\/p>\n","protected":false},"author":2,"featured_media":7400,"parent":7530,"menu_order":0,"comment_status":"closed","ping_status":"closed","template":"","meta":{"_acf_changed":false,"footnotes":""},"class_list":["post-7403","page","type-page","status-publish","has-post-thumbnail","hentry"],"acf":[],"yoast_head":"<!-- This site is optimized with the Yoast SEO plugin v26.6 - https:\/\/yoast.com\/wordpress\/plugins\/seo\/ -->\n<title>Ritz-Carlton Reserve - Residencias frente al mar | MARAEY<\/title>\n<meta name=\"description\" content=\"The Residences at Maraey, A Ritz-Carlton Reserve: 80 residencias exclusivas frente al Atl\u00e1ntico. Villas verticales con spa, chefs con estrella Michelin y club de playa en Maric\u00e1, RJ.\" \/>\n<meta name=\"robots\" content=\"index, follow, max-snippet:-1, max-image-preview:large, max-video-preview:-1\" \/>\n<link rel=\"canonical\" href=\"https:\/\/maraey.com\/es\/branded-residences\/ritz-carlton-reserve\/\" \/>\n<meta property=\"og:locale\" content=\"es_ES\" \/>\n<meta property=\"og:type\" content=\"article\" \/>\n<meta property=\"og:title\" content=\"Ritz-Carlton Reserve - Residencias frente al mar | MARAEY\" \/>\n<meta property=\"og:description\" content=\"The Residences at Maraey, A Ritz-Carlton Reserve: 80 residencias exclusivas frente al Atl\u00e1ntico. Villas verticales con spa, chefs con estrella Michelin y club de playa en Maric\u00e1, RJ.\" \/>\n<meta property=\"og:url\" content=\"https:\/\/maraey.com\/es\/branded-residences\/ritz-carlton-reserve\/\" \/>\n<meta property=\"og:site_name\" content=\"MARAEY\" \/>\n<meta property=\"article:modified_time\" content=\"2025-12-09T17:36:08+00:00\" \/>\n<meta property=\"og:image\" content=\"https:\/\/maraey.com\/wp-content\/uploads\/2025\/08\/conforto-min-scaled.jpg\" \/>\n\t<meta property=\"og:image:width\" content=\"2560\" \/>\n\t<meta property=\"og:image:height\" content=\"1707\" \/>\n\t<meta property=\"og:image:type\" content=\"image\/jpeg\" \/>\n<meta name=\"twitter:card\" content=\"summary_large_image\" \/>\n<meta name=\"twitter:label1\" content=\"Tiempo de lectura\" \/>\n\t<meta name=\"twitter:data1\" content=\"1 minuto\" \/>\n<script type=\"application\/ld+json\" class=\"yoast-schema-graph\">{\"@context\":\"https:\/\/schema.org\",\"@graph\":[{\"@type\":\"WebPage\",\"@id\":\"https:\/\/maraey.com\/es\/branded-residences\/ritz-carlton-reserve\/\",\"url\":\"https:\/\/maraey.com\/es\/branded-residences\/ritz-carlton-reserve\/\",\"name\":\"Ritz-Carlton Reserve - Residencias frente al mar | MARAEY\",\"isPartOf\":{\"@id\":\"https:\/\/maraey.com\/es\/#website\"},\"primaryImageOfPage\":{\"@id\":\"https:\/\/maraey.com\/es\/branded-residences\/ritz-carlton-reserve\/#primaryimage\"},\"image\":{\"@id\":\"https:\/\/maraey.com\/es\/branded-residences\/ritz-carlton-reserve\/#primaryimage\"},\"thumbnailUrl\":\"https:\/\/maraey.com\/wp-content\/uploads\/2025\/08\/conforto-min-scaled.jpg\",\"datePublished\":\"2025-08-08T15:56:15+00:00\",\"dateModified\":\"2025-12-09T17:36:08+00:00\",\"description\":\"The Residences at Maraey, A Ritz-Carlton Reserve: 80 residencias exclusivas frente al Atl\u00e1ntico. Villas verticales con spa, chefs con estrella Michelin y club de playa en Maric\u00e1, RJ.\",\"breadcrumb\":{\"@id\":\"https:\/\/maraey.com\/es\/branded-residences\/ritz-carlton-reserve\/#breadcrumb\"},\"inLanguage\":\"es\",\"potentialAction\":[{\"@type\":\"ReadAction\",\"target\":[\"https:\/\/maraey.com\/es\/branded-residences\/ritz-carlton-reserve\/\"]}]},{\"@type\":\"ImageObject\",\"inLanguage\":\"es\",\"@id\":\"https:\/\/maraey.com\/es\/branded-residences\/ritz-carlton-reserve\/#primaryimage\",\"url\":\"https:\/\/maraey.com\/wp-content\/uploads\/2025\/08\/conforto-min-scaled.jpg\",\"contentUrl\":\"https:\/\/maraey.com\/wp-content\/uploads\/2025\/08\/conforto-min-scaled.jpg\",\"width\":2560,\"height\":1707},{\"@type\":\"BreadcrumbList\",\"@id\":\"https:\/\/maraey.com\/es\/branded-residences\/ritz-carlton-reserve\/#breadcrumb\",\"itemListElement\":[{\"@type\":\"ListItem\",\"position\":1,\"name\":\"In\u00edcio\",\"item\":\"https:\/\/maraey.com\/es\/\"},{\"@type\":\"ListItem\",\"position\":2,\"name\":\"Branded Residences\",\"item\":\"https:\/\/maraey.com\/es\/branded-residences\/\"},{\"@type\":\"ListItem\",\"position\":3,\"name\":\"Ritz-Carlton Reserve\"}]},{\"@type\":\"WebSite\",\"@id\":\"https:\/\/maraey.com\/es\/#website\",\"url\":\"https:\/\/maraey.com\/es\/\",\"name\":\"MARAEY\",\"description\":\"\",\"publisher\":{\"@id\":\"https:\/\/maraey.com\/es\/#organization\"},\"potentialAction\":[{\"@type\":\"SearchAction\",\"target\":{\"@type\":\"EntryPoint\",\"urlTemplate\":\"https:\/\/maraey.com\/es\/?s={search_term_string}\"},\"query-input\":{\"@type\":\"PropertyValueSpecification\",\"valueRequired\":true,\"valueName\":\"search_term_string\"}}],\"inLanguage\":\"es\"},{\"@type\":\"Organization\",\"@id\":\"https:\/\/maraey.com\/es\/#organization\",\"name\":\"MARAEY\",\"url\":\"https:\/\/maraey.com\/es\/\",\"logo\":{\"@type\":\"ImageObject\",\"inLanguage\":\"es\",\"@id\":\"https:\/\/maraey.com\/es\/#\/schema\/logo\/image\/\",\"url\":\"https:\/\/maraey.com\/wp-content\/uploads\/2025\/08\/Maraey-logo.svg\",\"contentUrl\":\"https:\/\/maraey.com\/wp-content\/uploads\/2025\/08\/Maraey-logo.svg\",\"width\":145,\"height\":145,\"caption\":\"MARAEY\"},\"image\":{\"@id\":\"https:\/\/maraey.com\/es\/#\/schema\/logo\/image\/\"}}]}<\/script>\n<!-- \/ Yoast SEO plugin. -->","yoast_head_json":{"title":"Ritz-Carlton Reserve - Residencias frente al mar | MARAEY","description":"The Residences at Maraey, A Ritz-Carlton Reserve: 80 residencias exclusivas frente al Atl\u00e1ntico. Villas verticales con spa, chefs con estrella Michelin y club de playa en Maric\u00e1, RJ.","robots":{"index":"index","follow":"follow","max-snippet":"max-snippet:-1","max-image-preview":"max-image-preview:large","max-video-preview":"max-video-preview:-1"},"canonical":"https:\/\/maraey.com\/es\/branded-residences\/ritz-carlton-reserve\/","og_locale":"es_ES","og_type":"article","og_title":"Ritz-Carlton Reserve - Residencias frente al mar | MARAEY","og_description":"The Residences at Maraey, A Ritz-Carlton Reserve: 80 residencias exclusivas frente al Atl\u00e1ntico. Villas verticales con spa, chefs con estrella Michelin y club de playa en Maric\u00e1, RJ.","og_url":"https:\/\/maraey.com\/es\/branded-residences\/ritz-carlton-reserve\/","og_site_name":"MARAEY","article_modified_time":"2025-12-09T17:36:08+00:00","og_image":[{"width":2560,"height":1707,"url":"https:\/\/maraey.com\/wp-content\/uploads\/2025\/08\/conforto-min-scaled.jpg","type":"image\/jpeg"}],"twitter_card":"summary_large_image","twitter_misc":{"Tiempo de lectura":"1 minuto"},"schema":{"@context":"https:\/\/schema.org","@graph":[{"@type":"WebPage","@id":"https:\/\/maraey.com\/es\/branded-residences\/ritz-carlton-reserve\/","url":"https:\/\/maraey.com\/es\/branded-residences\/ritz-carlton-reserve\/","name":"Ritz-Carlton Reserve - Residencias frente al mar | MARAEY","isPartOf":{"@id":"https:\/\/maraey.com\/es\/#website"},"primaryImageOfPage":{"@id":"https:\/\/maraey.com\/es\/branded-residences\/ritz-carlton-reserve\/#primaryimage"},"image":{"@id":"https:\/\/maraey.com\/es\/branded-residences\/ritz-carlton-reserve\/#primaryimage"},"thumbnailUrl":"https:\/\/maraey.com\/wp-content\/uploads\/2025\/08\/conforto-min-scaled.jpg","datePublished":"2025-08-08T15:56:15+00:00","dateModified":"2025-12-09T17:36:08+00:00","description":"The Residences at Maraey, A Ritz-Carlton Reserve: 80 residencias exclusivas frente al Atl\u00e1ntico. Villas verticales con spa, chefs con estrella Michelin y club de playa en Maric\u00e1, RJ.","breadcrumb":{"@id":"https:\/\/maraey.com\/es\/branded-residences\/ritz-carlton-reserve\/#breadcrumb"},"inLanguage":"es","potentialAction":[{"@type":"ReadAction","target":["https:\/\/maraey.com\/es\/branded-residences\/ritz-carlton-reserve\/"]}]},{"@type":"ImageObject","inLanguage":"es","@id":"https:\/\/maraey.com\/es\/branded-residences\/ritz-carlton-reserve\/#primaryimage","url":"https:\/\/maraey.com\/wp-content\/uploads\/2025\/08\/conforto-min-scaled.jpg","contentUrl":"https:\/\/maraey.com\/wp-content\/uploads\/2025\/08\/conforto-min-scaled.jpg","width":2560,"height":1707},{"@type":"BreadcrumbList","@id":"https:\/\/maraey.com\/es\/branded-residences\/ritz-carlton-reserve\/#breadcrumb","itemListElement":[{"@type":"ListItem","position":1,"name":"In\u00edcio","item":"https:\/\/maraey.com\/es\/"},{"@type":"ListItem","position":2,"name":"Branded Residences","item":"https:\/\/maraey.com\/es\/branded-residences\/"},{"@type":"ListItem","position":3,"name":"Ritz-Carlton Reserve"}]},{"@type":"WebSite","@id":"https:\/\/maraey.com\/es\/#website","url":"https:\/\/maraey.com\/es\/","name":"MARAEY","description":"","publisher":{"@id":"https:\/\/maraey.com\/es\/#organization"},"potentialAction":[{"@type":"SearchAction","target":{"@type":"EntryPoint","urlTemplate":"https:\/\/maraey.com\/es\/?s={search_term_string}"},"query-input":{"@type":"PropertyValueSpecification","valueRequired":true,"valueName":"search_term_string"}}],"inLanguage":"es"},{"@type":"Organization","@id":"https:\/\/maraey.com\/es\/#organization","name":"MARAEY","url":"https:\/\/maraey.com\/es\/","logo":{"@type":"ImageObject","inLanguage":"es","@id":"https:\/\/maraey.com\/es\/#\/schema\/logo\/image\/","url":"https:\/\/maraey.com\/wp-content\/uploads\/2025\/08\/Maraey-logo.svg","contentUrl":"https:\/\/maraey.com\/wp-content\/uploads\/2025\/08\/Maraey-logo.svg","width":145,"height":145,"caption":"MARAEY"},"image":{"@id":"https:\/\/maraey.com\/es\/#\/schema\/logo\/image\/"}}]}},"_links":{"self":[{"href":"https:\/\/maraey.com\/es\/wp-json\/wp\/v2\/pages\/7403","targetHints":{"allow":["GET"]}}],"collection":[{"href":"https:\/\/maraey.com\/es\/wp-json\/wp\/v2\/pages"}],"about":[{"href":"https:\/\/maraey.com\/es\/wp-json\/wp\/v2\/types\/page"}],"author":[{"embeddable":true,"href":"https:\/\/maraey.com\/es\/wp-json\/wp\/v2\/users\/2"}],"replies":[{"embeddable":true,"href":"https:\/\/maraey.com\/es\/wp-json\/wp\/v2\/comments?post=7403"}],"version-history":[{"count":7,"href":"https:\/\/maraey.com\/es\/wp-json\/wp\/v2\/pages\/7403\/revisions"}],"predecessor-version":[{"id":8486,"href":"https:\/\/maraey.com\/es\/wp-json\/wp\/v2\/pages\/7403\/revisions\/8486"}],"up":[{"embeddable":true,"href":"https:\/\/maraey.com\/es\/wp-json\/wp\/v2\/pages\/7530"}],"wp:featuredmedia":[{"embeddable":true,"href":"https:\/\/maraey.com\/es\/wp-json\/wp\/v2\/media\/7400"}],"wp:attachment":[{"href":"https:\/\/maraey.com\/es\/wp-json\/wp\/v2\/media?parent=7403"}],"curies":[{"name":"wp","href":"https:\/\/api.w.org\/{rel}","templated":true}]}}